{"id":51,"date":"2020-10-08T05:44:54","date_gmt":"2020-10-08T05:44:54","guid":{"rendered":"https:\/\/demo.hashthemes.com\/total\/education\/?page_id=51"},"modified":"2024-09-07T02:43:40","modified_gmt":"2024-09-07T02:43:40","slug":"about-us","status":"publish","type":"page","link":"https:\/\/mariamontanard.com\/index.php\/about-us\/","title":{"rendered":"About Us"},"content":{"rendered":"\t\t<div data-elementor-type=\"wp-page\" data-elementor-id=\"51\" class=\"elementor elementor-51\">\n\t\t\t\t<div class=\"elementor-element elementor-element-29d5b18 e-flex e-con-boxed e-con e-parent\" data-id=\"29d5b18\" data-element_type=\"container\" data-settings=\"{&quot;background_background&quot;:&quot;classic&quot;}\">\n\t\t\t\t\t<div class=\"e-con-inner\">\n\t\t<div class=\"elementor-element elementor-element-f651c2c e-con-full e-flex e-con e-child\" data-id=\"f651c2c\" data-element_type=\"container\">\n\t\t\t\t<div class=\"elementor-element elementor-element-baa868c elementor-widget elementor-widget-heading\" data-id=\"baa868c\" data-element_type=\"widget\" data-widget_type=\"heading.default\">\n\t\t\t\t<div class=\"elementor-widget-container\">\n\t\t\t<h1 class=\"elementor-heading-title elementor-size-default\">ACERCA DE NOSOTROS<\/h1>\t\t<\/div>\n\t\t\t\t<\/div>\n\t\t\t\t<\/div>\n\t\t<div class=\"elementor-element elementor-element-01c3a09 e-con-full e-flex e-con e-child\" data-id=\"01c3a09\" data-element_type=\"container\">\n\t\t\t\t<\/div>\n\t\t\t\t\t<\/div>\n\t\t\t\t<\/div>\n\t\t<div class=\"elementor-element elementor-element-2f4e6c4 e-flex e-con-boxed e-con e-parent\" data-id=\"2f4e6c4\" data-element_type=\"container\">\n\t\t\t\t\t<div class=\"e-con-inner\">\n\t\t<div class=\"elementor-element elementor-element-e45db75 e-con-full e-flex e-con e-child\" data-id=\"e45db75\" data-element_type=\"container\">\n\t\t\t\t<div class=\"elementor-element elementor-element-e3a19d6 elementor-widget elementor-widget-image\" data-id=\"e3a19d6\" data-element_type=\"widget\" data-widget_type=\"image.default\">\n\t\t\t\t<div class=\"elementor-widget-container\">\n\t\t\t\t\t\t\t\t\t\t\t\t\t<img fetchpriority=\"high\" decoding=\"async\" width=\"640\" height=\"480\" src=\"https:\/\/mariamontanard.com\/wp-content\/uploads\/2024\/09\/foto4-1024x768.jpg\" class=\"attachment-large size-large wp-image-1108\" alt=\"\" srcset=\"https:\/\/mariamontanard.com\/wp-content\/uploads\/2024\/09\/foto4-1024x768.jpg 1024w, https:\/\/mariamontanard.com\/wp-content\/uploads\/2024\/09\/foto4-300x225.jpg 300w, https:\/\/mariamontanard.com\/wp-content\/uploads\/2024\/09\/foto4-768x576.jpg 768w, https:\/\/mariamontanard.com\/wp-content\/uploads\/2024\/09\/foto4-1536x1152.jpg 1536w, https:\/\/mariamontanard.com\/wp-content\/uploads\/2024\/09\/foto4.jpg 1600w\" sizes=\"(max-width: 640px) 100vw, 640px\" \/>\t\t\t\t\t\t\t\t\t\t\t\t\t<\/div>\n\t\t\t\t<\/div>\n\t\t\t\t<\/div>\n\t\t<div class=\"elementor-element elementor-element-d09d363 e-con-full e-flex e-con e-child\" data-id=\"d09d363\" data-element_type=\"container\">\n\t\t\t\t<div class=\"elementor-element elementor-element-22b5916 elementor-widget elementor-widget-image\" data-id=\"22b5916\" data-element_type=\"widget\" data-widget_type=\"image.default\">\n\t\t\t\t<div class=\"elementor-widget-container\">\n\t\t\t\t\t\t\t\t\t\t\t\t\t<img decoding=\"async\" width=\"640\" height=\"480\" src=\"https:\/\/mariamontanard.com\/wp-content\/uploads\/2024\/08\/hijas-1024x768.jpeg\" class=\"attachment-large size-large wp-image-836\" alt=\"\" srcset=\"https:\/\/mariamontanard.com\/wp-content\/uploads\/2024\/08\/hijas-1024x768.jpeg 1024w, https:\/\/mariamontanard.com\/wp-content\/uploads\/2024\/08\/hijas-300x225.jpeg 300w, https:\/\/mariamontanard.com\/wp-content\/uploads\/2024\/08\/hijas-768x576.jpeg 768w, https:\/\/mariamontanard.com\/wp-content\/uploads\/2024\/08\/hijas-1536x1152.jpeg 1536w, https:\/\/mariamontanard.com\/wp-content\/uploads\/2024\/08\/hijas.jpeg 1600w\" sizes=\"(max-width: 640px) 100vw, 640px\" \/>\t\t\t\t\t\t\t\t\t\t\t\t\t<\/div>\n\t\t\t\t<\/div>\n\t\t\t\t<\/div>\n\t\t\t\t\t<\/div>\n\t\t\t\t<\/div>\n\t\t<div class=\"elementor-element elementor-element-aec6402 e-flex e-con-boxed e-con e-parent\" data-id=\"aec6402\" data-element_type=\"container\">\n\t\t\t\t\t<div class=\"e-con-inner\">\n\t\t<div class=\"elementor-element elementor-element-5588f81 e-con-full e-flex e-con e-child\" data-id=\"5588f81\" data-element_type=\"container\">\n\t\t\t\t<div class=\"elementor-element elementor-element-a2eae60 elementor-widget elementor-widget-heading\" data-id=\"a2eae60\" data-element_type=\"widget\" data-widget_type=\"heading.default\">\n\t\t\t\t<div class=\"elementor-widget-container\">\n\t\t\t<h3 class=\"elementor-heading-title elementor-size-default\">NUESTRA HISTORIA<\/h3>\t\t<\/div>\n\t\t\t\t<\/div>\n\t\t\t\t<div class=\"elementor-element elementor-element-aa9a42b elementor-widget elementor-widget-text-editor\" data-id=\"aa9a42b\" data-element_type=\"widget\" data-widget_type=\"text-editor.default\">\n\t\t\t\t<div class=\"elementor-widget-container\">\n\t\t\t\t\t\t\t<p>Nuestra fundaci\u00f3n naci\u00f3 en el a\u00f1o 2012, cuando una de las fundadoras estaba pasando por momentos dif\u00edciles en su vida y decidi\u00f3 someterse a ayuno y oraci\u00f3n. Pasando a\u00f1os en ayuno y oraci\u00f3n, ten\u00eda fuertes revelaciones con la Virgen Sant\u00edsima, donde ella le ped\u00eda que la llevara a la monta\u00f1a. Mostr\u00e1ndole \u00a0una imagen de F\u00e1tima que iluminaba toda la monta\u00f1a, as\u00ed inici\u00f3., cuando de repente segu\u00edan sucediendo las revelaciones, se iban confirmando cuando otras ten\u00edan la misma revelaci\u00f3n, confirmando lo que ella le dec\u00eda.<\/p><p>\u00a0Siguiendo la secuencia de las revelaciones, tambi\u00e9n le ped\u00eda que la llevara a otros lugares. Despu\u00e9s fuimos entendiendo. Que era un Santo Rosario en la monta\u00f1a que ella quer\u00eda. As\u00ed naci\u00f3 nuestra fundaci\u00f3n con el trono uno, en Sabaneta Mata Grande,la casa n\u00famero uno del Santo Rosario. En juncalito, Rinc\u00f3n Llano, la Inmaculada Concepci\u00f3n, la casa n\u00famero dos. En la monta\u00f1a de Arsenio Ure\u00f1a, Rinc\u00f3n de Piedra, el trono tres, con el nombre \u00a0la virgen del rosario.<\/p><p>En Santiago Rodr\u00edguez. Arroyo Blanco, la Sagrada Familia y en el \u00a0Mamey, Laguna Salada, la casa n\u00famero cinco \u00a0con el nombre de la Guadalupana. Al final \u00a0el crucifijo que luego fue revelado en Rinc\u00f3n largo Las placetas As\u00ed fue colocado el Santo Rosario en la monta\u00f1a. Tiempo m\u00e1s tarde, ella revel\u00f3 que quer\u00eda un almac\u00e9n para darles alimento a los pobres de la monta\u00f1a y que Juntas pod\u00edamos \u00a0seguir unida en oraci\u00f3n peregrinaci\u00f3n, ayudar al necesitado, cuidar el medio ambiente y ser buenas amigas como hermana. Somos un n\u00famero de 50 mujeres marianas y nos acompa\u00f1an como madrinas 50 mujeres m\u00e1s.<\/p><p>Decidimos constituirnos legalmente 18 de Noviembre 2023, con n\u00famero de registro 717288, con RNC.4-30-38405-4 porque necesitamos seguir este proyecto hacia adelante, para todo el que lo necesite.<\/p><p>Trabajamos orientando a los j\u00f3venes, llevando la palabra de Dios a todo el que la necesite, unificando la familia, cuidando el medio ambiente y recaudamos fondos para convertirlo en alimentos y llevarlo a los m\u00e1s necesitados en el campo y la monta\u00f1a<\/p>\t\t\t\t\t\t<\/div>\n\t\t\t\t<\/div>\n\t\t\t\t<\/div>\n\t\t\t\t\t<\/div>\n\t\t\t\t<\/div>\n\t\t<div class=\"elementor-element elementor-element-9f9a097 e-flex e-con-boxed e-con e-parent\" data-id=\"9f9a097\" data-element_type=\"container\" data-settings=\"{&quot;background_background&quot;:&quot;classic&quot;}\">\n\t\t\t\t\t<div class=\"e-con-inner\">\n\t\t\t\t\t<\/div>\n\t\t\t\t<\/div>\n\t\t\t\t<\/div>\n\t\t","protected":false},"excerpt":{"rendered":"<p>ACERCA DE NOSOTROS NUESTRA HISTORIA Nuestra fundaci\u00f3n naci\u00f3 en el a\u00f1o 2012, cuando una de las fundadoras estaba pasando por [&hellip;]<\/p>\n","protected":false},"author":1,"featured_media":0,"parent":0,"menu_order":0,"comment_status":"closed","ping_status":"open","template":"elementor_header_footer","meta":{"footnotes":""},"class_list":["post-51","page","type-page","status-publish","hentry"],"_links":{"self":[{"href":"https:\/\/mariamontanard.com\/index.php\/wp-json\/wp\/v2\/pages\/51","targetHints":{"allow":["GET"]}}],"collection":[{"href":"https:\/\/mariamontanard.com\/index.php\/wp-json\/wp\/v2\/pages"}],"about":[{"href":"https:\/\/mariamontanard.com\/index.php\/wp-json\/wp\/v2\/types\/page"}],"author":[{"embeddable":true,"href":"https:\/\/mariamontanard.com\/index.php\/wp-json\/wp\/v2\/users\/1"}],"replies":[{"embeddable":true,"href":"https:\/\/mariamontanard.com\/index.php\/wp-json\/wp\/v2\/comments?post=51"}],"version-history":[{"count":9,"href":"https:\/\/mariamontanard.com\/index.php\/wp-json\/wp\/v2\/pages\/51\/revisions"}],"predecessor-version":[{"id":1126,"href":"https:\/\/mariamontanard.com\/index.php\/wp-json\/wp\/v2\/pages\/51\/revisions\/1126"}],"wp:attachment":[{"href":"https:\/\/mariamontanard.com\/index.php\/wp-json\/wp\/v2\/media?parent=51"}],"curies":[{"name":"wp","href":"https:\/\/api.w.org\/{rel}","templated":true}]}}